{"id":54,"date":"2021-04-22T09:05:04","date_gmt":"2021-04-22T09:05:04","guid":{"rendered":"http:\/\/giselagren.com\/?page_id=54"},"modified":"2026-02-26T07:27:07","modified_gmt":"2026-02-26T07:27:07","slug":"sanglektioner","status":"publish","type":"page","link":"https:\/\/giselagren.com\/fi\/sanglektioner\/","title":{"rendered":"Laulutunnit"},"content":{"rendered":"<p class=\"has-text-align-center\"><strong>L\u00f6yd\u00e4 ja kehit\u00e4 \u00e4\u00e4nesi!<\/strong><\/p>\n\n\n\n<p class=\"has-text-align-center\">Haluatko kehitt\u00e4\u00e4 laulu\u00e4\u00e4nt\u00e4si tai valmistautua esimerkiksi koelauluun? <br>Tarjoan yksil\u00f6llist\u00e4 laulunopetusta sek\u00e4 aloittelijoille ett\u00e4 jo aiempaa kokemusta omaaville laulajille. Opetuksessa keskityt\u00e4\u00e4n \u00e4\u00e4nenk\u00e4ytt\u00f6tekniikkaan, tulkintaan ja musiikilliseen ilmaisuun.<\/p>\n\n\n\n<p class=\"has-text-align-center\">Opetus suunnitellaan tavoitteidesi ja l\u00e4ht\u00f6kohtiesi mukaan.Voit valita suuntautumiseksi esimerkiksi klassisen musiikin, kevyen musiikin tai musikaalin. P\u00e4\u00e4syvaatimuksia ei ole, ja voit aloittaa tunnit milloin tahansa lukuvuoden aikana. <\/p>\n\n\n\n<p class=\"has-text-align-center\">Tunnin pituus on 45 tai 60 minuuttia.<\/p>\n\n\n\n<p class=\"has-text-align-center\">Ota rohkeasti yhteytt\u00e4 ja kysy lis\u00e4\u00e4!<\/p>\n\n\n\n<p class=\"has-text-align-center\">Tervetuloa!<\/p>\n\n\n\n<p><\/p>","protected":false},"excerpt":{"rendered":"<p>Uppt\u00e4ck och utveckla din r\u00f6st! Vill du utveckla din s\u00e5ngr\u00f6st eller kanske f\u00f6rbereda dig inf\u00f6r en audition? Oavsett om du \u00e4r nyb\u00f6rjare eller har tidigare erfarenheter erbjuder jag individuell anpassad s\u00e5ngundervisning med fokus p\u00e5 teknik, uttryck och musikalisk utveckling. Undervisningen utg\u00e5r fr\u00e5n dina m\u00e5l och f\u00f6ruts\u00e4ttningar. Du kan v\u00e4lja inriktning som t.ex. klassiskt, visa eller &hellip;<\/p>","protected":false},"author":1,"featured_media":0,"parent":0,"menu_order":0,"comment_status":"closed","ping_status":"closed","template":"","meta":{"footnotes":""},"class_list":["post-54","page","type-page","status-publish","hentry"],"_links":{"self":[{"href":"https:\/\/giselagren.com\/fi\/wp-json\/wp\/v2\/pages\/54","targetHints":{"allow":["GET"]}}],"collection":[{"href":"https:\/\/giselagren.com\/fi\/wp-json\/wp\/v2\/pages"}],"about":[{"href":"https:\/\/giselagren.com\/fi\/wp-json\/wp\/v2\/types\/page"}],"author":[{"embeddable":true,"href":"https:\/\/giselagren.com\/fi\/wp-json\/wp\/v2\/users\/1"}],"replies":[{"embeddable":true,"href":"https:\/\/giselagren.com\/fi\/wp-json\/wp\/v2\/comments?post=54"}],"version-history":[{"count":13,"href":"https:\/\/giselagren.com\/fi\/wp-json\/wp\/v2\/pages\/54\/revisions"}],"predecessor-version":[{"id":256,"href":"https:\/\/giselagren.com\/fi\/wp-json\/wp\/v2\/pages\/54\/revisions\/256"}],"wp:attachment":[{"href":"https:\/\/giselagren.com\/fi\/wp-json\/wp\/v2\/media?parent=54"}],"curies":[{"name":"wp","href":"https:\/\/api.w.org\/{rel}","templated":true}]}}