{"id":56,"date":"2021-04-22T09:05:19","date_gmt":"2021-04-22T09:05:19","guid":{"rendered":"http:\/\/giselagren.com\/?page_id=56"},"modified":"2021-07-31T07:45:36","modified_gmt":"2021-07-31T07:45:36","slug":"pianolektioner","status":"publish","type":"page","link":"http:\/\/giselagren.com\/fi\/pianolektioner\/","title":{"rendered":"Pianotunnit"},"content":{"rendered":"<p>Opetan pianoa aloittelijoille (7 -vuotiailta). Oppiaiheissa opit mm. nuotin lukeminen, rytmi ja soinnut. Jo ensimm\u00e4isell\u00e4 tunnilla opit nuotin lukeminen ja pianon soittoa. Pianotunti on 30 minuuttia pitk\u00e4.<\/p>","protected":false},"excerpt":{"rendered":"<p>Opetan pianoa aloittelijoille (7 -vuotiailta). Oppiaiheissa opit mm. nuotin lukeminen, rytmi ja soinnut. Jo ensimm\u00e4isell\u00e4 tunnilla opit nuotin lukeminen ja pianon soittoa. Pianotunti on 30 minuuttia pitk\u00e4.<\/p>","protected":false},"author":1,"featured_media":0,"parent":0,"menu_order":0,"comment_status":"closed","ping_status":"closed","template":"","meta":{"footnotes":""},"class_list":["post-56","page","type-page","status-publish","hentry"],"_links":{"self":[{"href":"http:\/\/giselagren.com\/fi\/wp-json\/wp\/v2\/pages\/56","targetHints":{"allow":["GET"]}}],"collection":[{"href":"http:\/\/giselagren.com\/fi\/wp-json\/wp\/v2\/pages"}],"about":[{"href":"http:\/\/giselagren.com\/fi\/wp-json\/wp\/v2\/types\/page"}],"author":[{"embeddable":true,"href":"http:\/\/giselagren.com\/fi\/wp-json\/wp\/v2\/users\/1"}],"replies":[{"embeddable":true,"href":"http:\/\/giselagren.com\/fi\/wp-json\/wp\/v2\/comments?post=56"}],"version-history":[{"count":2,"href":"http:\/\/giselagren.com\/fi\/wp-json\/wp\/v2\/pages\/56\/revisions"}],"predecessor-version":[{"id":128,"href":"http:\/\/giselagren.com\/fi\/wp-json\/wp\/v2\/pages\/56\/revisions\/128"}],"wp:attachment":[{"href":"http:\/\/giselagren.com\/fi\/wp-json\/wp\/v2\/media?parent=56"}],"curies":[{"name":"wp","href":"https:\/\/api.w.org\/{rel}","templated":true}]}}