{"id":38,"date":"2021-04-22T08:52:38","date_gmt":"2021-04-22T08:52:38","guid":{"rendered":"http:\/\/giselagren.com\/?page_id=38"},"modified":"2026-02-24T12:16:27","modified_gmt":"2026-02-24T12:16:27","slug":"sanglararen-och-sangerskan","status":"publish","type":"page","link":"http:\/\/giselagren.com\/fi\/","title":{"rendered":"Ajankohtaista"},"content":{"rendered":"<div class=\"wp-block-columns is-layout-flex wp-container-core-columns-is-layout-9d6595d7 wp-block-columns-is-layout-flex\">\n<div class=\"wp-block-column is-layout-flow wp-block-column-is-layout-flow\" style=\"flex-basis:33.33%\">\n<p class=\"has-text-align-center\">1.2.2026<\/p>\n<\/div>\n\n\n\n<div class=\"wp-block-column is-layout-flow wp-block-column-is-layout-flow\" style=\"flex-basis:66.66%\">\n<p>Voolahdessa on viel\u00e4 muutama vapaa paikka. L\u00e4mpim\u00e4sti tervetuloa tunnille! <br><\/p>\n\n\n\n<p><\/p>\n\n\n\n<p><\/p>\n\n\n\n<p class=\"has-text-align-left\"><br><\/p>\n\n\n\n<p><\/p>\n\n\n\n<p><\/p>\n<\/div>\n<\/div>\n\n\n\n<p><\/p>","protected":false},"excerpt":{"rendered":"<p>1.2.2026 Det finns \u00e4nnu n\u00e5gra lediga platser i V\u00e5lax. Varmt v\u00e4lkommen p\u00e5 lektion!<\/p>","protected":false},"author":1,"featured_media":0,"parent":0,"menu_order":0,"comment_status":"closed","ping_status":"closed","template":"","meta":{"footnotes":""},"class_list":["post-38","page","type-page","status-publish","hentry"],"_links":{"self":[{"href":"http:\/\/giselagren.com\/fi\/wp-json\/wp\/v2\/pages\/38","targetHints":{"allow":["GET"]}}],"collection":[{"href":"http:\/\/giselagren.com\/fi\/wp-json\/wp\/v2\/pages"}],"about":[{"href":"http:\/\/giselagren.com\/fi\/wp-json\/wp\/v2\/types\/page"}],"author":[{"embeddable":true,"href":"http:\/\/giselagren.com\/fi\/wp-json\/wp\/v2\/users\/1"}],"replies":[{"embeddable":true,"href":"http:\/\/giselagren.com\/fi\/wp-json\/wp\/v2\/comments?post=38"}],"version-history":[{"count":36,"href":"http:\/\/giselagren.com\/fi\/wp-json\/wp\/v2\/pages\/38\/revisions"}],"predecessor-version":[{"id":236,"href":"http:\/\/giselagren.com\/fi\/wp-json\/wp\/v2\/pages\/38\/revisions\/236"}],"wp:attachment":[{"href":"http:\/\/giselagren.com\/fi\/wp-json\/wp\/v2\/media?parent=38"}],"curies":[{"name":"wp","href":"https:\/\/api.w.org\/{rel}","templated":true}]}}